{"id":62641,"date":"2025-08-27T16:05:41","date_gmt":"2025-08-27T14:05:41","guid":{"rendered":"https:\/\/ante.brussels\/?page_id=62641"},"modified":"2025-11-11T13:57:44","modified_gmt":"2025-11-11T12:57:44","slug":"druk-op","status":"publish","type":"page","link":"https:\/\/www.ante.brussels\/nl\/presse\/","title":{"rendered":"Pers"},"content":{"rendered":"\t\t<div data-elementor-type=\"wp-page\" data-elementor-id=\"62641\" class=\"elementor elementor-62641\" data-elementor-post-type=\"page\">\n\t\t\t\t\t\t<section class=\"elementor-section elementor-top-section elementor-element elementor-element-86f3592 elementor-section-boxed elementor-section-height-default elementor-section-height-default sc_fly_static\" data-id=\"86f3592\" data-element_type=\"section\" data-e-type=\"section\">\n\t\t\t\t\t\t<div class=\"elementor-container elementor-column-gap-extended\">\n\t\t\t\t\t<div class=\"elementor-column elementor-col-100 elementor-top-column elementor-element elementor-element-b41690d sc_content_align_inherit sc_layouts_column_icons_position_left sc_fly_static\" data-id=\"b41690d\" data-element_type=\"column\" data-e-type=\"column\">\n\t\t\t<div class=\"elementor-widget-wrap elementor-element-populated\">\n\t\t\t\t\t\t<div class=\"elementor-element elementor-element-90ad743 sc_fly_static elementor-widget elementor-widget-spacer\" data-id=\"90ad743\" data-element_type=\"widget\" data-e-type=\"widget\" data-widget_type=\"spacer.default\">\n\t\t\t\t<div class=\"elementor-widget-container\">\n\t\t\t\t\t\t\t<div class=\"elementor-spacer\">\n\t\t\t<div class=\"elementor-spacer-inner\"><\/div>\n\t\t<\/div>\n\t\t\t\t\t\t<\/div>\n\t\t\t\t<\/div>\n\t\t\t\t\t<\/div>\n\t\t<\/div>\n\t\t\t\t\t<\/div>\n\t\t<\/section>\n\t\t<div class=\"elementor-element elementor-element-72d78a7 e-flex e-con-boxed sc_layouts_column_icons_position_left e-con e-parent\" data-id=\"72d78a7\" data-element_type=\"container\" data-e-type=\"container\">\n\t\t\t\t\t<div class=\"e-con-inner\">\n\t\t<div class=\"elementor-element elementor-element-3406321 e-con-full e-flex sc_layouts_column_icons_position_left e-con e-child\" data-id=\"3406321\" data-element_type=\"container\" data-e-type=\"container\">\n\t\t\t\t<div class=\"elementor-element elementor-element-5f8883e sc_fly_static elementor-widget elementor-widget-trx_sc_title\" data-id=\"5f8883e\" data-element_type=\"widget\" data-e-type=\"widget\" data-widget_type=\"trx_sc_title.default\">\n\t\t\t\t<div class=\"elementor-widget-container\">\n\t\t\t\t\t<div\t\tclass=\"sc_title sc_title_default\" ><h2 class=\"sc_item_title sc_title_title sc_item_title_style_default\"\n\t\t\t><span class=\"sc_item_title_text\">Dossier Presse<\/span><\/h2><div class=\"sc_item_descr sc_title_descr\"><p>Ch\u00e8re\/cher journaliste,<\/p>\n<p>Merci de nous aider \u00e0 relayer l'information sur nos projets aupr\u00e8s du public !<\/p>\n<p>Voici les personnes qui pourront r\u00e9pondre \u00e0 vos demandes.<\/p>\n<\/div><\/div>\t\t\t\t<\/div>\n\t\t\t\t<\/div>\n\t\t\t\t<\/div>\n\t\t<div class=\"elementor-element elementor-element-1047f76 e-con-full e-flex sc_layouts_column_icons_position_left e-con e-child\" data-id=\"1047f76\" data-element_type=\"container\" data-e-type=\"container\">\n\t\t\t\t<div class=\"elementor-element elementor-element-7145182 sc_fly_static elementor-widget elementor-widget-image\" data-id=\"7145182\" data-element_type=\"widget\" data-e-type=\"widget\" data-widget_type=\"image.default\">\n\t\t\t\t<div class=\"elementor-widget-container\">\n\t\t\t\t\t\t\t\t\t\t\t\t<figure class=\"wp-caption\">\n\t\t\t\t\t\t\t\t\t\t<img fetchpriority=\"high\" decoding=\"async\" width=\"958\" height=\"958\" src=\"https:\/\/www.ante.brussels\/wp-content\/uploads\/2025\/08\/Sandrine-Mossiat.jpg\" class=\"attachment-full size-full wp-image-62707\" alt=\"Sandrine Mossiat\" srcset=\"https:\/\/www.ante.brussels\/wp-content\/uploads\/2025\/08\/Sandrine-Mossiat.jpg 958w, https:\/\/www.ante.brussels\/wp-content\/uploads\/2025\/08\/Sandrine-Mossiat-300x300.jpg 300w, https:\/\/www.ante.brussels\/wp-content\/uploads\/2025\/08\/Sandrine-Mossiat-150x150.jpg 150w, https:\/\/www.ante.brussels\/wp-content\/uploads\/2025\/08\/Sandrine-Mossiat-768x768.jpg 768w, https:\/\/www.ante.brussels\/wp-content\/uploads\/2025\/08\/Sandrine-Mossiat-370x370.jpg 370w, https:\/\/www.ante.brussels\/wp-content\/uploads\/2025\/08\/Sandrine-Mossiat-120x120.jpg 120w, https:\/\/www.ante.brussels\/wp-content\/uploads\/2025\/08\/Sandrine-Mossiat-840x840.jpg 840w, https:\/\/www.ante.brussels\/wp-content\/uploads\/2025\/08\/Sandrine-Mossiat-410x410.jpg 410w\" sizes=\"(max-width: 958px) 100vw, 958px\" title=\"\">\t\t\t\t\t\t\t\t\t\t\t<figcaption class=\"widget-image-caption wp-caption-text\">Sandrine Mossiat<br><a href=\"mailto:sandrine@explore.brussels\">sandrine@explore.brussels<\/a><br><a>+32 475 90 84 48<\/a><\/figcaption>\n\t\t\t\t\t\t\t\t\t\t<\/figure>\n\t\t\t\t\t\t\t\t\t<\/div>\n\t\t\t\t<\/div>\n\t\t\t\t<div class=\"elementor-element elementor-element-11e9afe sc_fly_static elementor-widget elementor-widget-image\" data-id=\"11e9afe\" data-element_type=\"widget\" data-e-type=\"widget\" data-widget_type=\"image.default\">\n\t\t\t\t<div class=\"elementor-widget-container\">\n\t\t\t\t\t\t\t\t\t\t\t\t<figure class=\"wp-caption\">\n\t\t\t\t\t\t\t\t\t\t<img decoding=\"async\" width=\"958\" height=\"958\" src=\"https:\/\/www.ante.brussels\/wp-content\/uploads\/2025\/08\/caracascom-logo.jpg\" class=\"attachment-full size-full wp-image-62791\" alt=\"CARACAScom\" srcset=\"https:\/\/www.ante.brussels\/wp-content\/uploads\/2025\/08\/caracascom-logo.jpg 958w, https:\/\/www.ante.brussels\/wp-content\/uploads\/2025\/08\/caracascom-logo-300x300.jpg 300w, https:\/\/www.ante.brussels\/wp-content\/uploads\/2025\/08\/caracascom-logo-150x150.jpg 150w, https:\/\/www.ante.brussels\/wp-content\/uploads\/2025\/08\/caracascom-logo-768x768.jpg 768w, https:\/\/www.ante.brussels\/wp-content\/uploads\/2025\/08\/caracascom-logo-370x370.jpg 370w, https:\/\/www.ante.brussels\/wp-content\/uploads\/2025\/08\/caracascom-logo-120x120.jpg 120w, https:\/\/www.ante.brussels\/wp-content\/uploads\/2025\/08\/caracascom-logo-840x840.jpg 840w, https:\/\/www.ante.brussels\/wp-content\/uploads\/2025\/08\/caracascom-logo-410x410.jpg 410w\" sizes=\"(max-width: 958px) 100vw, 958px\" title=\"\">\t\t\t\t\t\t\t\t\t\t\t<figcaption class=\"widget-image-caption wp-caption-text\">CARACAScom<br><a href=\"mailto:info@caracascom.com\">info@caracascom.com<\/a><br><a>+32 2 560 21 22<\/a><\/figcaption>\n\t\t\t\t\t\t\t\t\t\t<\/figure>\n\t\t\t\t\t\t\t\t\t<\/div>\n\t\t\t\t<\/div>\n\t\t\t\t<\/div>\n\t\t\t\t\t<\/div>\n\t\t\t\t<\/div>\n\t\t\t\t<section class=\"elementor-section elementor-top-section elementor-element elementor-element-25fec2a1 elementor-section-boxed elementor-section-height-default elementor-section-height-default sc_fly_static\" data-id=\"25fec2a1\" data-element_type=\"section\" data-e-type=\"section\">\n\t\t\t\t\t\t<div class=\"elementor-container elementor-column-gap-extended\">\n\t\t\t\t\t<div class=\"elementor-column elementor-col-50 elementor-top-column elementor-element elementor-element-73252fb0 sc_content_align_inherit sc_layouts_column_icons_position_left sc_fly_static\" data-id=\"73252fb0\" data-element_type=\"column\" data-e-type=\"column\">\n\t\t\t<div class=\"elementor-widget-wrap elementor-element-populated\">\n\t\t\t\t\t\t<div class=\"elementor-element elementor-element-b0aab07 sc_fly_static elementor-widget elementor-widget-trx_sc_title\" data-id=\"b0aab07\" data-element_type=\"widget\" data-e-type=\"widget\" data-widget_type=\"trx_sc_title.default\">\n\t\t\t\t<div class=\"elementor-widget-container\">\n\t\t\t\t\t<div\t\tclass=\"sc_title sc_title_default\" ><h2 class=\"sc_item_title sc_title_title sc_item_title_style_default\"\n\t\t\t><span class=\"sc_item_title_text\">Galerie photos<\/span><\/h2><div class=\"sc_item_descr sc_title_descr\"><p><\/p>\n<\/div><\/div>\t\t\t\t<\/div>\n\t\t\t\t<\/div>\n\t\t\t\t<div class=\"elementor-element elementor-element-6c3959f elementor-arrows-position-inside elementor-pagination-position-outside sc_fly_static elementor-widget elementor-widget-image-carousel\" data-id=\"6c3959f\" data-element_type=\"widget\" data-e-type=\"widget\" data-settings=\"{&quot;slides_to_show&quot;:&quot;1&quot;,&quot;navigation&quot;:&quot;both&quot;,&quot;autoplay&quot;:&quot;yes&quot;,&quot;pause_on_hover&quot;:&quot;yes&quot;,&quot;pause_on_interaction&quot;:&quot;yes&quot;,&quot;autoplay_speed&quot;:5000,&quot;infinite&quot;:&quot;yes&quot;,&quot;effect&quot;:&quot;slide&quot;,&quot;speed&quot;:500}\" data-widget_type=\"image-carousel.default\">\n\t\t\t\t<div class=\"elementor-widget-container\">\n\t\t\t\t\t\t\t<div class=\"elementor-image-carousel-wrapper swiper\" role=\"region\" aria-roledescription=\"carousel\" aria-label=\"Carrousel d\u2019images\" dir=\"ltr\">\n\t\t\t<div class=\"elementor-image-carousel swiper-wrapper\" aria-live=\"off\">\n\t\t\t\t\t\t\t\t<div class=\"swiper-slide\" role=\"group\" aria-roledescription=\"slide\" aria-label=\"1 sur 6\"><figure class=\"swiper-slide-inner\"><img decoding=\"async\" class=\"swiper-slide-image\" src=\"https:\/\/www.ante.brussels\/wp-content\/uploads\/2025\/08\/explore-brussels-presse-1.jpg\" alt=\"Maison moderne architecturale \u00e0 Bruxelles lors du Festival ANTE.\" title=\"\"><\/figure><\/div><div class=\"swiper-slide\" role=\"group\" aria-roledescription=\"slide\" aria-label=\"2 sur 6\"><figure class=\"swiper-slide-inner\"><img decoding=\"async\" class=\"swiper-slide-image\" src=\"https:\/\/www.ante.brussels\/wp-content\/uploads\/2025\/08\/explore-brussels-presse-2.jpg\" alt=\"Porte d&#039;entr\u00e9e en bois avec vitrage artistique, fa\u00e7ade en briques rouges, architecture \u00e9l\u00e9gante, accueillante, design moderne, ANTE Festival Bruxelles, espace culturel.\" title=\"\"><\/figure><\/div><div class=\"swiper-slide\" role=\"group\" aria-roledescription=\"slide\" aria-label=\"3 sur 6\"><figure class=\"swiper-slide-inner\"><img decoding=\"async\" class=\"swiper-slide-image\" src=\"https:\/\/www.ante.brussels\/wp-content\/uploads\/2025\/08\/explore-brussels-presse-3.jpg\" alt=\"Ancienne salle de l&#039;ANT\u00c9 Festival \u00e0 Bruxelles avec d\u00e9coration \u00e9l\u00e9gante et fen\u00eatres artistiques.\" title=\"\"><\/figure><\/div><div class=\"swiper-slide\" role=\"group\" aria-roledescription=\"slide\" aria-label=\"4 sur 6\"><figure class=\"swiper-slide-inner\"><img decoding=\"async\" class=\"swiper-slide-image\" src=\"https:\/\/www.ante.brussels\/wp-content\/uploads\/2025\/08\/explore-brussels-presse-4.jpg\" alt=\"Vitrail color\u00e9 repr\u00e9sentant un paysage de montagnes et de nature, art stained glass festival.\" title=\"\"><\/figure><\/div><div class=\"swiper-slide\" role=\"group\" aria-roledescription=\"slide\" aria-label=\"5 sur 6\"><figure class=\"swiper-slide-inner\"><img decoding=\"async\" class=\"swiper-slide-image\" src=\"https:\/\/www.ante.brussels\/wp-content\/uploads\/2025\/08\/explore-brussels-presse-5.jpg\" alt=\"Ancien salon \u00e9l\u00e9gant avec vue sur la verdure, lumi\u00e8re tamis\u00e9e et d\u00e9coration raffin\u00e9e.\" title=\"\"><\/figure><\/div><div class=\"swiper-slide\" role=\"group\" aria-roledescription=\"slide\" aria-label=\"6 sur 6\"><figure class=\"swiper-slide-inner\"><img decoding=\"async\" class=\"swiper-slide-image\" src=\"https:\/\/www.ante.brussels\/wp-content\/uploads\/2025\/08\/explore-brussels-presse-6.jpg\" alt=\"Escalier \u00e9l\u00e9gant dans un d\u00e9cor Art Nouveau \u00e0 Bruxelles, au Festival ANTE.\" title=\"\"><\/figure><\/div>\t\t\t<\/div>\n\t\t\t\t\t\t\t\t\t\t\t\t<div class=\"elementor-swiper-button elementor-swiper-button-prev\" role=\"button\" tabindex=\"0\">\n\t\t\t\t\t\t<i aria-hidden=\"true\" class=\"eicon-chevron-left\"><\/i>\t\t\t\t\t<\/div>\n\t\t\t\t\t<div class=\"elementor-swiper-button elementor-swiper-button-next\" role=\"button\" tabindex=\"0\">\n\t\t\t\t\t\t<i aria-hidden=\"true\" class=\"eicon-chevron-right\"><\/i>\t\t\t\t\t<\/div>\n\t\t\t\t\n\t\t\t\t\t\t\t\t\t<div class=\"swiper-pagination\"><\/div>\n\t\t\t\t\t\t\t\t\t<\/div>\n\t\t\t\t\t\t<\/div>\n\t\t\t\t<\/div>\n\t\t\t\t<div class=\"elementor-element elementor-element-db0f25a sc_fly_static elementor-widget elementor-widget-wpfd_choose_file\" data-id=\"db0f25a\" data-element_type=\"widget\" data-e-type=\"widget\" data-widget_type=\"wpfd_choose_file.default\">\n\t\t\t\t<div class=\"elementor-widget-container\">\n\t\t\t\t\t<div id=\"wpfd-elementor-single-file\" class=\"wpfd-elementor-single-file\"><div class=\"wpfd-single-file zip\" data-id=\"64504\" data-catid=\"325\">\n    <input type=\"hidden\" class=\"wpfd_file_preview_link_download\" value=\"https:\/\/www.ante.brussels\/download\/325\/medias\/64504\/dossier-presse.zip\" data-filetitle=\"Dossier Presse\" data-fileicons=\"ext ext-zip\" \/>\n    <input type=\"hidden\" class=\"wpfd_file_ext\" value=\"zip\" \/>\n    <div class=\"wpfd-single-file--icon\">\n            <a href=\"\" alt=\"Dossier Presse\" class=\"wpfdlightbox\" data-file-type=\"zip\" data-id=\"64504\" data-catid=\"325\" >\n            <div class=\"wpfd-icon-placeholder\" style=\"background-image: url(&quot;https:\/\/www.ante.brussels\/wp-content\/wp-file-download\/icons\/svg\/zip.svg&quot;);border-radius: 4%;box-shadow: 0px 0px 0px 0px rgba(0,0,0,0);background-color: #ceb499;border: 0px solid rgba(0,0,0,0);background-size: 100%;\"><\/div>\n        <\/a>\n    <\/div>\n\n    <div class=\"wpfd-single-file--details wpfd-file-content\">\n                        <div class=\"wpfd-file-content--title\"><a href=\"https:\/\/www.ante.brussels\/download\/325\/medias\/64504\/dossier-presse.zip\"  style=\"text-decoration: none\">Dossier Presse<\/a><\/div>\n    <\/div>\n    <div class=\"wpfd-single-file--buttons\">\n    <\/div>\n<\/div>\n<\/div>\t\t\t\t<\/div>\n\t\t\t\t<\/div>\n\t\t\t\t\t<\/div>\n\t\t<\/div>\n\t\t\t\t<div class=\"elementor-column elementor-col-50 elementor-top-column elementor-element elementor-element-1ee80b67 sc_content_align_inherit sc_layouts_column_icons_position_left sc_fly_static\" data-id=\"1ee80b67\" data-element_type=\"column\" data-e-type=\"column\">\n\t\t\t<div class=\"elementor-widget-wrap elementor-element-populated\">\n\t\t\t\t\t\t<div class=\"elementor-element elementor-element-d38b9b1 sc_fly_static elementor-widget elementor-widget-trx_sc_title\" data-id=\"d38b9b1\" data-element_type=\"widget\" data-e-type=\"widget\" data-widget_type=\"trx_sc_title.default\">\n\t\t\t\t<div class=\"elementor-widget-container\">\n\t\t\t\t\t<div\t\tclass=\"sc_title sc_title_default\" ><h2 class=\"sc_item_title sc_title_title sc_item_title_style_default\"\n\t\t\t><span class=\"sc_item_title_text\">Communiqu\u00e9s de presse<\/span><\/h2><div class=\"sc_item_descr sc_title_descr\"><p><\/p>\n<\/div><\/div>\t\t\t\t<\/div>\n\t\t\t\t<\/div>\n\t\t\t\t<div class=\"elementor-element elementor-element-24601de sc_fly_static elementor-widget elementor-widget-wpfd_choose_file\" data-id=\"24601de\" data-element_type=\"widget\" data-e-type=\"widget\" data-widget_type=\"wpfd_choose_file.default\">\n\t\t\t\t<div class=\"elementor-widget-container\">\n\t\t\t\t\t<div id=\"wpfd-elementor-single-file\" class=\"wpfd-elementor-single-file\"><div class=\"wpfd-single-file pdf\" data-id=\"64505\" data-catid=\"326\">\n    <input type=\"hidden\" class=\"wpfd_file_preview_link_download\" value=\"https:\/\/www.ante.brussels\/download\/326\/communiques-de-presse\/64505\/ante-festival-2025.pdf\" data-filetitle=\"ANTE Festival 2025\" data-fileicons=\"ext ext-pdf\" \/>\n    <input type=\"hidden\" class=\"wpfd_file_ext\" value=\"pdf\" \/>\n    <div class=\"wpfd-single-file--icon\">\n            <a href=\"https:\/\/www.ante.brussels\/wp-admin\/admin-ajax.php?juwpfisadmin&#x3D;false&amp;action&#x3D;wpfd&amp;task&#x3D;file.download&amp;wpfd_category_id&#x3D;326&amp;wpfd_file_id&#x3D;64505&amp;token&#x3D;&amp;preview&#x3D;1\" alt=\"ANTE Festival 2025\" class=\"wpfdlightbox\" data-file-type=\"pdf\" data-id=\"64505\" data-catid=\"326\" >\n            <div class=\"wpfd-icon-placeholder\" style=\"background-image: url(&quot;https:\/\/www.ante.brussels\/wp-content\/wp-file-download\/icons\/svg\/pdf.svg&quot;);border-radius: 4%;box-shadow: 0px 0px 0px 0px rgba(0,0,0,0);background-color: #ceb499;border: 0px solid rgba(0,0,0,0);background-size: 100%;\"><\/div>\n        <\/a>\n    <\/div>\n\n    <div class=\"wpfd-single-file--details wpfd-file-content\">\n                        <div class=\"wpfd-file-content--title\"><a href=\"https:\/\/www.ante.brussels\/download\/326\/communiques-de-presse\/64505\/ante-festival-2025.pdf\"  style=\"text-decoration: none\">ANTE Festival 2025<\/a><\/div>\n    <\/div>\n    <div class=\"wpfd-single-file--buttons\">\n    <\/div>\n<\/div>\n<\/div>\t\t\t\t<\/div>\n\t\t\t\t<\/div>\n\t\t\t\t\t<\/div>\n\t\t<\/div>\n\t\t\t\t\t<\/div>\n\t\t<\/section>\n\t\t\t\t<section class=\"elementor-section elementor-top-section elementor-element elementor-element-d139538 elementor-section-boxed elementor-section-height-default elementor-section-height-default sc_fly_static\" data-id=\"d139538\" data-element_type=\"section\" data-e-type=\"section\">\n\t\t\t\t\t\t<div class=\"elementor-container elementor-column-gap-extended\">\n\t\t\t\t\t<div class=\"elementor-column elementor-col-100 elementor-top-column elementor-element elementor-element-a9c5434 sc_content_align_inherit sc_layouts_column_icons_position_left sc_fly_static\" data-id=\"a9c5434\" data-element_type=\"column\" data-e-type=\"column\">\n\t\t\t<div class=\"elementor-widget-wrap elementor-element-populated\">\n\t\t\t\t\t\t<div class=\"elementor-element elementor-element-dc8383c sc_height_huge sc_fly_static elementor-widget elementor-widget-spacer\" data-id=\"dc8383c\" data-element_type=\"widget\" data-e-type=\"widget\" data-widget_type=\"spacer.default\">\n\t\t\t\t<div class=\"elementor-widget-container\">\n\t\t\t\t\t\t\t<div class=\"elementor-spacer\">\n\t\t\t<div class=\"elementor-spacer-inner\"><\/div>\n\t\t<\/div>\n\t\t\t\t\t\t<\/div>\n\t\t\t\t<\/div>\n\t\t\t\t<div class=\"elementor-element elementor-element-9712f57 sc_fly_static elementor-widget elementor-widget-spacer\" data-id=\"9712f57\" data-element_type=\"widget\" data-e-type=\"widget\" data-widget_type=\"spacer.default\">\n\t\t\t\t<div class=\"elementor-widget-container\">\n\t\t\t\t\t\t\t<div class=\"elementor-spacer\">\n\t\t\t<div class=\"elementor-spacer-inner\"><\/div>\n\t\t<\/div>\n\t\t\t\t\t\t<\/div>\n\t\t\t\t<\/div>\n\t\t\t\t<div class=\"elementor-element elementor-element-0c4ba5f sc_fly_static elementor-widget elementor-widget-html\" data-id=\"0c4ba5f\" data-element_type=\"widget\" data-e-type=\"widget\" data-widget_type=\"html.default\">\n\t\t\t\t<div class=\"elementor-widget-container\">\n\t\t\t\t\t<script>\r\ndocument.addEventListener('DOMContentLoaded', function () {\r\n  document.querySelectorAll('.wpfd-single-file').forEach(function (wrapper) {\r\n    const titleLink =\r\n      wrapper.querySelector('.wpfd-file-content--title a, .wpfd-file-link, h5 a');\r\n\r\n    const previewLink =\r\n      wrapper.querySelector('.wpfdlightbox, .wpfd-previewlink, a[data-wpfdpreview]');\r\n\r\n    if (!titleLink || !previewLink) {\r\n      return;\r\n    }\r\n\r\n    let isPDF = false;\r\n\r\n    \/\/ 1) Check URL\r\n    const href = titleLink.getAttribute('href');\r\n    if (href && \/\\.pdf(\\?|$)\/i.test(href)) {\r\n      isPDF = true;\r\n    }\r\n\r\n    \/\/ 2) Fallback: check extension\/label\r\n    if (!isPDF) {\r\n      const extEl = wrapper.querySelector('.wpfd-file-ext, .wpfd-extension');\r\n      const nameEl = wrapper.querySelector('.wpfd-file-content--title, .wpfd-file-title');\r\n\r\n      if (extEl && \/pdf\/i.test(extEl.textContent)) {\r\n        isPDF = true;\r\n      } else if (nameEl && \/\\.pdf$\/i.test(nameEl.textContent.trim())) {\r\n        isPDF = true;\r\n      }\r\n    }\r\n\r\n    if (isPDF) {\r\n      \/\/ Ajout d'une classe pour le style visuel\r\n      titleLink.classList.add('wpfd-pdf-preview-title');\r\n\r\n      \/\/ Clic sur le titre = preview (lightbox)\r\n      titleLink.addEventListener('click', function (e) {\r\n        e.preventDefault();\r\n        previewLink.click();\r\n      });\r\n    }\r\n    \/\/ ZIP & co : pas touch\u00e9\r\n  });\r\n});\r\n<\/script>\t\t\t\t<\/div>\n\t\t\t\t<\/div>\n\t\t\t\t\t<\/div>\n\t\t<\/div>\n\t\t\t\t\t<\/div>\n\t\t<\/section>\n\t\t\t\t<\/div>\n\t\t","protected":false},"excerpt":{"rendered":"<p>Dossier Presse Ch\u00e8re\/cher journaliste, Merci de nous aider \u00e0 relayer l&#8217;information sur nos projets aupr\u00e8s&hellip;<\/p>","protected":false},"author":1,"featured_media":0,"parent":0,"menu_order":0,"comment_status":"closed","ping_status":"closed","template":"","meta":{"rs_blank_template":"","rs_page_bg_color":"","slide_template_v7":"","_analytify_skip_tracking":false,"footnotes":""},"class_list":["post-62641","page","type-page","status-publish","hentry"],"_links":{"self":[{"href":"https:\/\/www.ante.brussels\/nl\/wp-json\/wp\/v2\/pages\/62641","targetHints":{"allow":["GET"]}}],"collection":[{"href":"https:\/\/www.ante.brussels\/nl\/wp-json\/wp\/v2\/pages"}],"about":[{"href":"https:\/\/www.ante.brussels\/nl\/wp-json\/wp\/v2\/types\/page"}],"author":[{"embeddable":true,"href":"https:\/\/www.ante.brussels\/nl\/wp-json\/wp\/v2\/users\/1"}],"replies":[{"embeddable":true,"href":"https:\/\/www.ante.brussels\/nl\/wp-json\/wp\/v2\/comments?post=62641"}],"version-history":[{"count":49,"href":"https:\/\/www.ante.brussels\/nl\/wp-json\/wp\/v2\/pages\/62641\/revisions"}],"predecessor-version":[{"id":64540,"href":"https:\/\/www.ante.brussels\/nl\/wp-json\/wp\/v2\/pages\/62641\/revisions\/64540"}],"wp:attachment":[{"href":"https:\/\/www.ante.brussels\/nl\/wp-json\/wp\/v2\/media?parent=62641"}],"curies":[{"name":"wp","href":"https:\/\/api.w.org\/{rel}","templated":true}]}}