{"id":44879,"date":"2023-09-26T19:45:48","date_gmt":"2023-09-26T19:45:48","guid":{"rendered":"https:\/\/ante.brussels\/?page_id=44879"},"modified":"2026-02-27T12:31:25","modified_gmt":"2026-02-27T11:31:25","slug":"concept","status":"publish","type":"page","link":"https:\/\/www.ante.brussels\/nl\/concept\/","title":{"rendered":"Concept"},"content":{"rendered":"<div data-elementor-type=\"wp-page\" data-elementor-id=\"44879\" class=\"elementor elementor-44879\" data-elementor-post-type=\"page\">\n\t\t\t\t\t\t<section class=\"elementor-section elementor-top-section elementor-element elementor-element-b54047b elementor-section-boxed elementor-section-height-default elementor-section-height-default sc_fly_static\" data-id=\"b54047b\" data-element_type=\"section\" data-e-type=\"section\">\n\t\t\t\t\t\t<div class=\"elementor-container elementor-column-gap-extended\">\n\t\t\t\t\t<div class=\"elementor-column elementor-col-100 elementor-top-column elementor-element elementor-element-3f1be51 sc_content_align_inherit sc_layouts_column_icons_position_left sc_fly_static\" data-id=\"3f1be51\" data-element_type=\"column\" data-e-type=\"column\">\n\t\t\t<div class=\"elementor-widget-wrap elementor-element-populated\">\n\t\t\t\t\t\t<div class=\"elementor-element elementor-element-61af665 sc_fly_static elementor-widget elementor-widget-spacer\" data-id=\"61af665\" data-element_type=\"widget\" data-e-type=\"widget\" data-widget_type=\"spacer.default\">\n\t\t\t\t<div class=\"elementor-widget-container\">\n\t\t\t\t\t\t\t<div class=\"elementor-spacer\">\n\t\t\t<div class=\"elementor-spacer-inner\"><\/div>\n\t\t<\/div>\n\t\t\t\t\t\t<\/div>\n\t\t\t\t<\/div>\n\t\t\t\t\t<\/div>\n\t\t<\/div>\n\t\t\t\t\t<\/div>\n\t\t<\/section>\n\t\t<div class=\"elementor-element elementor-element-68c5975 e-flex e-con-boxed sc_layouts_column_icons_position_left e-con e-parent\" data-id=\"68c5975\" data-element_type=\"container\" data-e-type=\"container\">\n\t\t\t\t\t<div class=\"e-con-inner\">\n\t\t\t\t<div class=\"elementor-element elementor-element-59ada1e sc_fly_static elementor-widget elementor-widget-spacer\" data-id=\"59ada1e\" data-element_type=\"widget\" data-e-type=\"widget\" data-widget_type=\"spacer.default\">\n\t\t\t\t<div class=\"elementor-widget-container\">\n\t\t\t\t\t\t\t<div class=\"elementor-spacer\">\n\t\t\t<div class=\"elementor-spacer-inner\"><\/div>\n\t\t<\/div>\n\t\t\t\t\t\t<\/div>\n\t\t\t\t<\/div>\n\t\t\t\t\t<\/div>\n\t\t\t\t<\/div>\n\t\t<div class=\"elementor-element elementor-element-2a81054 e-flex e-con-boxed sc_layouts_column_icons_position_left e-con e-parent\" data-id=\"2a81054\" data-element_type=\"container\" data-e-type=\"container\">\n\t\t\t\t\t<div class=\"e-con-inner\">\n\t\t<div class=\"elementor-element elementor-element-201f5bc e-con-full e-flex sc_layouts_column_icons_position_left e-con e-child\" data-id=\"201f5bc\" data-element_type=\"container\" data-e-type=\"container\">\n\t\t\t\t<div class=\"elementor-element elementor-element-d17d71a sc_fly_static elementor-widget elementor-widget-heading\" data-id=\"d17d71a\" data-element_type=\"widget\" data-e-type=\"widget\" data-widget_type=\"heading.default\">\n\t\t\t\t<div class=\"elementor-widget-container\">\n\t\t\t\t\t<h2 class=\"elementor-heading-title elementor-size-default\">Concept van het evenement<\/h2>\t\t\t\t<\/div>\n\t\t\t\t<\/div>\n\t\t\t\t<div class=\"elementor-element elementor-element-e3166a3 sc_fly_static elementor-widget elementor-widget-spacer\" data-id=\"e3166a3\" data-element_type=\"widget\" data-e-type=\"widget\" data-widget_type=\"spacer.default\">\n\t\t\t\t<div class=\"elementor-widget-container\">\n\t\t\t\t\t\t\t<div class=\"elementor-spacer\">\n\t\t\t<div class=\"elementor-spacer-inner\"><\/div>\n\t\t<\/div>\n\t\t\t\t\t\t<\/div>\n\t\t\t\t<\/div>\n\t\t\t\t<div class=\"elementor-element elementor-element-4369a20 sc_fly_static elementor-widget elementor-widget-text-editor\" data-id=\"4369a20\" data-element_type=\"widget\" data-e-type=\"widget\" data-widget_type=\"text-editor.default\">\n\t\t\t\t<div class=\"elementor-widget-container\">\n\t\t\t\t\t\t\t\t\t<p>het ANTE Festival richt twee weekends lang de schijnwerpers op de schatten van de Brusselse architectuur uit de periode 1780-1920, oftewel de \u201clange 19de eeuw\u201d. Het gaat om een tijdperk gekenmerkt door grote ontwikkelingen, transities, breuklijnen en experimenten, zowel op esthetisch als technisch vlak. Het ANTE Festival nodigt u uit om de bloeiende evolutie van stijlen uit deze periode te verkennen \u2013 van neoclassicisme tot eclecticisme \u2013 en heeft als doel de wortels van de moderniteit en de ongelooflijke rijkdom en diversiteit van het bouwkundig erfgoed van het Brussels Hoofdstedelijk Gewest te onthullen.<\/p><p>Het programma van dit nieuwe culturele najaarsevenement bevat onder meer rondleidingen door interieurs die doorgaans niet toegankelijk zijn voor het publiek, thematische wandel- of fietstochten, lezingen, bezoeken aangepast aan mensen met een beperking (Explore+), workshops voor scholen en gezinnen, en bezoeken op maat van anderstaligen.<\/p><p>Explore.Brussels is een zeldzame gelegenheid om enkele pareltjes uit de geschiedenis van de architectuur te (her)ontdekken. Op 11 &amp; 12 en 18 &amp; 19 oktober 2025 nodigt het u uit om de gemeenten Brussel-Stad, Etterbeek, Vorst, Elsene, Sint-Gillis, Sint-Joost-ten-Node, Schaarbeek, Ukkel, Watermaal-Bosvoorde en Sint-Pieters-Woluwe te verkennen.<\/p>\t\t\t\t\t\t\t\t<\/div>\n\t\t\t\t<\/div>\n\t\t\t\t<\/div>\n\t\t<div class=\"elementor-element elementor-element-1efdc8f e-con-full e-flex sc_layouts_column_icons_position_left e-con e-child\" data-id=\"1efdc8f\" data-element_type=\"container\" data-e-type=\"container\">\n\t\t\t\t<div class=\"elementor-element elementor-element-a70e02d sc_fly_static elementor-widget elementor-widget-image\" data-id=\"a70e02d\" data-element_type=\"widget\" data-e-type=\"widget\" data-widget_type=\"image.default\">\n\t\t\t\t<div class=\"elementor-widget-container\">\n\t\t\t\t\t\t\t\t\t\t\t\t<figure class=\"wp-caption\">\n\t\t\t\t\t\t\t\t\t\t<img fetchpriority=\"high\" decoding=\"async\" width=\"1024\" height=\"1024\" src=\"https:\/\/www.ante.brussels\/wp-content\/uploads\/2025\/08\/Maison-Hap-\u00a9EB-Endre-Sebok-7-scaled-e1772191804550-1024x1024.jpg\" class=\"attachment-large size-large wp-image-62479\" alt=\"\" srcset=\"https:\/\/www.ante.brussels\/wp-content\/uploads\/2025\/08\/Maison-Hap-\u00a9EB-Endre-Sebok-7-scaled-e1772191804550-1024x1024.jpg 1024w, https:\/\/www.ante.brussels\/wp-content\/uploads\/2025\/08\/Maison-Hap-\u00a9EB-Endre-Sebok-7-scaled-e1772191804550-300x300.jpg 300w, https:\/\/www.ante.brussels\/wp-content\/uploads\/2025\/08\/Maison-Hap-\u00a9EB-Endre-Sebok-7-scaled-e1772191804550-150x150.jpg 150w, https:\/\/www.ante.brussels\/wp-content\/uploads\/2025\/08\/Maison-Hap-\u00a9EB-Endre-Sebok-7-scaled-e1772191804550-768x768.jpg 768w, https:\/\/www.ante.brussels\/wp-content\/uploads\/2025\/08\/Maison-Hap-\u00a9EB-Endre-Sebok-7-scaled-e1772191804550-1536x1536.jpg 1536w, https:\/\/www.ante.brussels\/wp-content\/uploads\/2025\/08\/Maison-Hap-\u00a9EB-Endre-Sebok-7-scaled-e1772191804550-370x370.jpg 370w, https:\/\/www.ante.brussels\/wp-content\/uploads\/2025\/08\/Maison-Hap-\u00a9EB-Endre-Sebok-7-scaled-e1772191804550-120x120.jpg 120w, https:\/\/www.ante.brussels\/wp-content\/uploads\/2025\/08\/Maison-Hap-\u00a9EB-Endre-Sebok-7-scaled-e1772191804550-840x840.jpg 840w, https:\/\/www.ante.brussels\/wp-content\/uploads\/2025\/08\/Maison-Hap-\u00a9EB-Endre-Sebok-7-scaled-e1772191804550-410x410.jpg 410w, https:\/\/www.ante.brussels\/wp-content\/uploads\/2025\/08\/Maison-Hap-\u00a9EB-Endre-Sebok-7-scaled-e1772191804550-12x12.jpg 12w, https:\/\/www.ante.brussels\/wp-content\/uploads\/2025\/08\/Maison-Hap-\u00a9EB-Endre-Sebok-7-scaled-e1772191804550-400x400.jpg 400w, https:\/\/www.ante.brussels\/wp-content\/uploads\/2025\/08\/Maison-Hap-\u00a9EB-Endre-Sebok-7-scaled-e1772191804550-600x600.jpg 600w, https:\/\/www.ante.brussels\/wp-content\/uploads\/2025\/08\/Maison-Hap-\u00a9EB-Endre-Sebok-7-scaled-e1772191804550.jpg 1707w\" sizes=\"(max-width: 1024px) 100vw, 1024px\" title=\"\">\t\t\t\t\t\t\t\t\t\t\t<figcaption class=\"widget-image-caption wp-caption-text\">\u00a9EB \u00b7 Endre Sebok<\/figcaption>\n\t\t\t\t\t\t\t\t\t\t<\/figure>\n\t\t\t\t\t\t\t\t\t<\/div>\n\t\t\t\t<\/div>\n\t\t\t\t<\/div>\n\t\t\t\t\t<\/div>\n\t\t\t\t<\/div>\n\t\t<div class=\"elementor-element elementor-element-5dd17de e-flex e-con-boxed sc_layouts_column_icons_position_left e-con e-parent\" data-id=\"5dd17de\" data-element_type=\"container\" data-e-type=\"container\">\n\t\t\t\t\t<div class=\"e-con-inner\">\n\t\t\t\t<div class=\"elementor-element elementor-element-0c9b3e0 sc_fly_static elementor-widget elementor-widget-spacer\" data-id=\"0c9b3e0\" data-element_type=\"widget\" data-e-type=\"widget\" data-widget_type=\"spacer.default\">\n\t\t\t\t<div class=\"elementor-widget-container\">\n\t\t\t\t\t\t\t<div class=\"elementor-spacer\">\n\t\t\t<div class=\"elementor-spacer-inner\"><\/div>\n\t\t<\/div>\n\t\t\t\t\t\t<\/div>\n\t\t\t\t<\/div>\n\t\t\t\t\t<\/div>\n\t\t\t\t<\/div>\n\t\t<div class=\"elementor-element elementor-element-537d717 e-flex e-con-boxed sc_layouts_column_icons_position_left e-con e-parent\" data-id=\"537d717\" data-element_type=\"container\" data-e-type=\"container\">\n\t\t\t\t\t<div class=\"e-con-inner\">\n\t\t<div class=\"elementor-element elementor-element-978f427 e-con-full e-flex sc_layouts_column_icons_position_left e-con e-child\" data-id=\"978f427\" data-element_type=\"container\" data-e-type=\"container\">\n\t\t\t\t<div class=\"elementor-element elementor-element-9d3afc8 sc_fly_static elementor-widget elementor-widget-heading\" data-id=\"9d3afc8\" data-element_type=\"widget\" data-e-type=\"widget\" data-widget_type=\"heading.default\">\n\t\t\t\t<div class=\"elementor-widget-container\">\n\t\t\t\t\t<h2 class=\"elementor-heading-title elementor-size-default\">Organisatoren<\/h2>\t\t\t\t<\/div>\n\t\t\t\t<\/div>\n\t\t\t\t<div class=\"elementor-element elementor-element-946e026 sc_fly_static elementor-widget elementor-widget-spacer\" data-id=\"946e026\" data-element_type=\"widget\" data-e-type=\"widget\" data-widget_type=\"spacer.default\">\n\t\t\t\t<div class=\"elementor-widget-container\">\n\t\t\t\t\t\t\t<div class=\"elementor-spacer\">\n\t\t\t<div class=\"elementor-spacer-inner\"><\/div>\n\t\t<\/div>\n\t\t\t\t\t\t<\/div>\n\t\t\t\t<\/div>\n\t\t\t\t<div class=\"elementor-element elementor-element-df8ac7e sc_fly_static elementor-widget elementor-widget-text-editor\" data-id=\"df8ac7e\" data-element_type=\"widget\" data-e-type=\"widget\" data-widget_type=\"text-editor.default\">\n\t\t\t\t<div class=\"elementor-widget-container\">\n\t\t\t\t\t\t\t\t\t<p>Het ANTE Festival wordt georganiseerd door Explore.Brussels en haar leden: ARAU, Arkadia, Bruxelles Bavard en Pro Velo. Voor de gelegenheid bundelt dit netwerk van verenigingen voor geleide bezoeken de krachten met een aantal partners die actief zijn in erfgoedthema's in Brussel, Belgi\u00eb en het buitenland, om samen een complete showcase te bieden van de architecturale rijkdom van de hoofdstad.<\/p>\t\t\t\t\t\t\t\t<\/div>\n\t\t\t\t<\/div>\n\t\t\t\t<\/div>\n\t\t<div class=\"elementor-element elementor-element-4ce3580 e-con-full e-flex sc_layouts_column_icons_position_left e-con e-child\" data-id=\"4ce3580\" data-element_type=\"container\" data-e-type=\"container\">\n\t\t\t\t<div class=\"elementor-element elementor-element-ed207ef sc_fly_static elementor-widget elementor-widget-image\" data-id=\"ed207ef\" data-element_type=\"widget\" data-e-type=\"widget\" data-widget_type=\"image.default\">\n\t\t\t\t<div class=\"elementor-widget-container\">\n\t\t\t\t\t\t\t\t\t\t\t\t<figure class=\"wp-caption\">\n\t\t\t\t\t\t\t\t\t\t<img decoding=\"async\" width=\"1024\" height=\"966\" src=\"https:\/\/www.ante.brussels\/wp-content\/uploads\/2025\/08\/Hotel-Campioni-\u00a9EB-Endre-Sebok-19-1024x966.jpg\" class=\"attachment-large size-large wp-image-62480\" alt=\"\" srcset=\"https:\/\/www.ante.brussels\/wp-content\/uploads\/2025\/08\/Hotel-Campioni-\u00a9EB-Endre-Sebok-19-1024x966.jpg 1024w, https:\/\/www.ante.brussels\/wp-content\/uploads\/2025\/08\/Hotel-Campioni-\u00a9EB-Endre-Sebok-19-300x283.jpg 300w, https:\/\/www.ante.brussels\/wp-content\/uploads\/2025\/08\/Hotel-Campioni-\u00a9EB-Endre-Sebok-19-768x724.jpg 768w, https:\/\/www.ante.brussels\/wp-content\/uploads\/2025\/08\/Hotel-Campioni-\u00a9EB-Endre-Sebok-19-1536x1449.jpg 1536w, https:\/\/www.ante.brussels\/wp-content\/uploads\/2025\/08\/Hotel-Campioni-\u00a9EB-Endre-Sebok-19-scaled.jpg 2036w, https:\/\/www.ante.brussels\/wp-content\/uploads\/2025\/08\/Hotel-Campioni-\u00a9EB-Endre-Sebok-19-370x349.jpg 370w, https:\/\/www.ante.brussels\/wp-content\/uploads\/2025\/08\/Hotel-Campioni-\u00a9EB-Endre-Sebok-19-840x792.jpg 840w, https:\/\/www.ante.brussels\/wp-content\/uploads\/2025\/08\/Hotel-Campioni-\u00a9EB-Endre-Sebok-19-410x387.jpg 410w\" sizes=\"(max-width: 1024px) 100vw, 1024px\" title=\"\">\t\t\t\t\t\t\t\t\t\t\t<figcaption class=\"widget-image-caption wp-caption-text\">\u00a9EB \u00b7 Endre Sebok<\/figcaption>\n\t\t\t\t\t\t\t\t\t\t<\/figure>\n\t\t\t\t\t\t\t\t\t<\/div>\n\t\t\t\t<\/div>\n\t\t\t\t<\/div>\n\t\t\t\t\t<\/div>\n\t\t\t\t<\/div>\n\t\t\t\t<section class=\"elementor-section elementor-top-section elementor-element elementor-element-7fa9b0e8 elementor-section-boxed elementor-section-height-default elementor-section-height-default sc_fly_static\" data-id=\"7fa9b0e8\" data-element_type=\"section\" data-e-type=\"section\">\n\t\t\t\t\t\t<div class=\"elementor-container elementor-column-gap-extended\">\n\t\t\t\t\t<div class=\"elementor-column elementor-col-100 elementor-top-column elementor-element elementor-element-21014fc6 sc_content_align_inherit sc_layouts_column_icons_position_left sc_fly_static\" data-id=\"21014fc6\" data-element_type=\"column\" data-e-type=\"column\">\n\t\t\t<div class=\"elementor-widget-wrap elementor-element-populated\">\n\t\t\t\t\t\t<div class=\"elementor-element elementor-element-465ca842 sc_height_huge sc_fly_static elementor-widget elementor-widget-spacer\" data-id=\"465ca842\" data-element_type=\"widget\" data-e-type=\"widget\" data-widget_type=\"spacer.default\">\n\t\t\t\t<div class=\"elementor-widget-container\">\n\t\t\t\t\t\t\t<div class=\"elementor-spacer\">\n\t\t\t<div class=\"elementor-spacer-inner\"><\/div>\n\t\t<\/div>\n\t\t\t\t\t\t<\/div>\n\t\t\t\t<\/div>\n\t\t\t\t<div class=\"elementor-element elementor-element-bdf0a89 sc_fly_static elementor-widget elementor-widget-spacer\" data-id=\"bdf0a89\" data-element_type=\"widget\" data-e-type=\"widget\" data-widget_type=\"spacer.default\">\n\t\t\t\t<div class=\"elementor-widget-container\">\n\t\t\t\t\t\t\t<div class=\"elementor-spacer\">\n\t\t\t<div class=\"elementor-spacer-inner\"><\/div>\n\t\t<\/div>\n\t\t\t\t\t\t<\/div>\n\t\t\t\t<\/div>\n\t\t\t\t<div class=\"elementor-element elementor-element-690f8a5 sc_fly_static elementor-widget elementor-widget-spacer\" data-id=\"690f8a5\" data-element_type=\"widget\" data-e-type=\"widget\" data-widget_type=\"spacer.default\">\n\t\t\t\t<div class=\"elementor-widget-container\">\n\t\t\t\t\t\t\t<div class=\"elementor-spacer\">\n\t\t\t<div class=\"elementor-spacer-inner\"><\/div>\n\t\t<\/div>\n\t\t\t\t\t\t<\/div>\n\t\t\t\t<\/div>\n\t\t\t\t\t<\/div>\n\t\t<\/div>\n\t\t\t\t\t<\/div>\n\t\t<\/section>\n\t\t\t\t<section class=\"elementor-section elementor-top-section elementor-element elementor-element-7c0681d scheme_dark elementor-section-boxed elementor-section-height-default elementor-section-height-default sc_fly_static\" data-id=\"7c0681d\" data-element_type=\"section\" data-e-type=\"section\" data-settings=\"{&quot;background_background&quot;:&quot;video&quot;,&quot;background_video_link&quot;:&quot;https:\\\/\\\/vimeo.com\\\/1114157549&quot;}\">\n\t\t\t\t\t\t\t\t<div class=\"elementor-background-video-container elementor-hidden-mobile\">\n\t\t\t\t\t\t\t\t\t\t\t\t\t<div class=\"elementor-background-video-embed\" role=\"presentation\"><\/div>\n\t\t\t\t\t\t\t\t\t\t\t\t<\/div>\n\t\t\t\t\t\t\t\t\t<div class=\"elementor-background-overlay\"><\/div>\n\t\t\t\t\t\t\t<div class=\"elementor-container elementor-column-gap-default\">\n\t\t\t\t\t<div class=\"elementor-column elementor-col-100 elementor-top-column elementor-element elementor-element-05f550e sc_layouts_column_align_center sc_layouts_column sc-mobile_layouts_column_align_center sc_layouts_column sc_content_align_inherit sc_layouts_column_icons_position_left sc_fly_static\" data-id=\"05f550e\" data-element_type=\"column\" data-e-type=\"column\">\n\t\t\t<div class=\"elementor-widget-wrap elementor-element-populated\">\n\t\t\t\t\t\t<div class=\"elementor-element elementor-element-db6c5b4 sc_fly_static elementor-widget elementor-widget-spacer\" data-id=\"db6c5b4\" data-element_type=\"widget\" data-e-type=\"widget\" data-widget_type=\"spacer.default\">\n\t\t\t\t<div class=\"elementor-widget-container\">\n\t\t\t\t\t\t\t<div class=\"elementor-spacer\">\n\t\t\t<div class=\"elementor-spacer-inner\"><\/div>\n\t\t<\/div>\n\t\t\t\t\t\t<\/div>\n\t\t\t\t<\/div>\n\t\t\t\t<div data-mouse-helper=\"hover\" data-mouse-helper-hide-helper=\"1\" data-mouse-helper-centered=\"1\" data-mouse-helper-magnet=\"99\" data-mouse-helper-color=\"\" data-mouse-helper-bg-color=\"\" data-mouse-helper-bd-color=\"\" data-mouse-helper-bd-width=\"0\" data-mouse-helper-mode=\"multiply\" data-mouse-helper-axis=\"xy\" data-mouse-helper-delay=\"0\" data-mouse-helper-text=\"\" data-mouse-helper-text-size=\"\" data-mouse-helper-text-round=\"0\" data-mouse-helper-icon=\"\" data-mouse-helper-icon-size=\"\" data-mouse-helper-icon-color=\"\" data-mouse-helper-image=\"\" data-mouse-helper-layout=\"\" data-mouse-helper-class=\"\" data-mouse-helper-callback=\"\" data-mouse-helper-hide-cursor=\"0\" class=\"elementor-element elementor-element-a7b714f elementor-align-center round-square elementor-widget__width-auto sc_layouts_hide_on_wide sc_layouts_hide_on_desktop sc_layouts_hide_on_notebook sc_layouts_hide_on_tablet sc_layouts_hide_on_mobile sc_fly_static elementor-widget elementor-widget-button\" data-id=\"a7b714f\" data-element_type=\"widget\" data-e-type=\"widget\" data-widget_type=\"button.default\">\n\t\t\t\t<div class=\"elementor-widget-container\">\n\t\t\t\t\t\t\t\t\t<div class=\"elementor-button-wrapper\">\n\t\t\t\t\t<a class=\"elementor-button elementor-button-link elementor-size-sm\" href=\"#go-video\">\n\t\t\t\t\t\t<span class=\"elementor-button-content-wrapper\">\n\t\t\t\t\t\t\t\t\t<span class=\"elementor-button-text\">SPELEN<\/span>\n\t\t\t\t\t<\/span>\n\t\t\t\t\t<\/a>\n\t\t\t\t<\/div>\n\t\t\t\t\t\t\t\t<\/div>\n\t\t\t\t<\/div>\n\t\t\t\t<div class=\"elementor-element elementor-element-329d54d sc_fly_static elementor-widget elementor-widget-spacer\" data-id=\"329d54d\" data-element_type=\"widget\" data-e-type=\"widget\" data-widget_type=\"spacer.default\">\n\t\t\t\t<div class=\"elementor-widget-container\">\n\t\t\t\t\t\t\t<div class=\"elementor-spacer\">\n\t\t\t<div class=\"elementor-spacer-inner\"><\/div>\n\t\t<\/div>\n\t\t\t\t\t\t<\/div>\n\t\t\t\t<\/div>\n\t\t\t\t\t<\/div>\n\t\t<\/div>\n\t\t\t\t\t<\/div>\n\t\t<\/section>\n\t\t\t\t<\/div>","protected":false},"excerpt":{"rendered":"<p>Concept de l&#8217;\u00e9v\u00e9nement Organis\u00e9 durant et entre deux weekends, l\u2019ANTE Festival met \u00e0 l\u2019honneur l\u2019architecture&hellip;<\/p>","protected":false},"author":1,"featured_media":0,"parent":0,"menu_order":0,"comment_status":"closed","ping_status":"closed","template":"","meta":{"rs_blank_template":"","rs_page_bg_color":"","slide_template_v7":"","_analytify_skip_tracking":false,"footnotes":""},"class_list":["post-44879","page","type-page","status-publish","hentry"],"_links":{"self":[{"href":"https:\/\/www.ante.brussels\/nl\/wp-json\/wp\/v2\/pages\/44879","targetHints":{"allow":["GET"]}}],"collection":[{"href":"https:\/\/www.ante.brussels\/nl\/wp-json\/wp\/v2\/pages"}],"about":[{"href":"https:\/\/www.ante.brussels\/nl\/wp-json\/wp\/v2\/types\/page"}],"author":[{"embeddable":true,"href":"https:\/\/www.ante.brussels\/nl\/wp-json\/wp\/v2\/users\/1"}],"replies":[{"embeddable":true,"href":"https:\/\/www.ante.brussels\/nl\/wp-json\/wp\/v2\/comments?post=44879"}],"version-history":[{"count":101,"href":"https:\/\/www.ante.brussels\/nl\/wp-json\/wp\/v2\/pages\/44879\/revisions"}],"predecessor-version":[{"id":64616,"href":"https:\/\/www.ante.brussels\/nl\/wp-json\/wp\/v2\/pages\/44879\/revisions\/64616"}],"wp:attachment":[{"href":"https:\/\/www.ante.brussels\/nl\/wp-json\/wp\/v2\/media?parent=44879"}],"curies":[{"name":"wp","href":"https:\/\/api.w.org\/{rel}","templated":true}]}}