{"id":12954,"date":"2020-08-27T08:23:10","date_gmt":"2020-08-27T08:23:10","guid":{"rendered":"https:\/\/ante.brussels\/?page_id=12954"},"modified":"2026-04-01T12:32:04","modified_gmt":"2026-04-01T10:32:04","slug":"respect-for-privacy","status":"publish","type":"page","link":"https:\/\/www.ante.brussels\/en\/respect-vie-privee\/","title":{"rendered":"Respect for Privacy"},"content":{"rendered":"<div data-elementor-type=\"wp-page\" data-elementor-id=\"12954\" class=\"elementor elementor-12954\" data-elementor-post-type=\"page\">\n\t\t\t\t\t\t<section class=\"elementor-section elementor-top-section elementor-element elementor-element-d4fa98e elementor-section-boxed elementor-section-height-default elementor-section-height-default sc_fly_static\" data-id=\"d4fa98e\" data-element_type=\"section\" data-e-type=\"section\" data-settings=\"{&quot;background_background&quot;:&quot;classic&quot;}\">\n\t\t\t\t\t\t<div class=\"elementor-container elementor-column-gap-extended\">\n\t\t\t\t\t<div class=\"elementor-column elementor-col-100 elementor-top-column elementor-element elementor-element-7171c7a sc_content_align_inherit sc_layouts_column_icons_position_left sc_fly_static\" data-id=\"7171c7a\" data-element_type=\"column\" data-e-type=\"column\">\n\t\t\t<div class=\"elementor-widget-wrap elementor-element-populated\">\n\t\t\t\t\t\t<div class=\"elementor-element elementor-element-6b5ada6 sc_fly_static elementor-widget elementor-widget-text-editor\" data-id=\"6b5ada6\" data-element_type=\"widget\" data-e-type=\"widget\" data-widget_type=\"text-editor.default\">\n\t\t\t\t<div class=\"elementor-widget-container\">\n\t\t\t\t\t\t\t\t\t<h5>Les garanties d&#8217;Explore.Brussels<\/h5><p>Nous traitons vos donn\u00e9es de mani\u00e8re confidentielle et conform\u00e9ment aux dispositions nationales et internationales, dont entre autres la loi belge du 8 d\u00e9cembre 1992, relative \u00e0 la protection de la vie priv\u00e9e \u00e0 l&#8217;\u00e9gard des traitements de donn\u00e9es \u00e0 caract\u00e8re personnel, modifi\u00e9e par la loi du 11 d\u00e9cembre 1998.<\/p>\t\t\t\t\t\t\t\t<\/div>\n\t\t\t\t<\/div>\n\t\t\t\t\t<\/div>\n\t\t<\/div>\n\t\t\t\t\t<\/div>\n\t\t<\/section>\n\t\t\t\t<section class=\"elementor-section elementor-top-section elementor-element elementor-element-d759e8b elementor-section-boxed elementor-section-height-default elementor-section-height-default sc_fly_static\" data-id=\"d759e8b\" data-element_type=\"section\" data-e-type=\"section\">\n\t\t\t\t\t\t<div class=\"elementor-container elementor-column-gap-extended\">\n\t\t\t\t\t<div class=\"elementor-column elementor-col-100 elementor-top-column elementor-element elementor-element-a6a4355 sc_content_align_inherit sc_layouts_column_icons_position_left sc_fly_static\" data-id=\"a6a4355\" data-element_type=\"column\" data-e-type=\"column\">\n\t\t\t<div class=\"elementor-widget-wrap elementor-element-populated\">\n\t\t\t\t\t\t<div class=\"elementor-element elementor-element-83ee879 sc_fly_static elementor-widget elementor-widget-spacer\" data-id=\"83ee879\" data-element_type=\"widget\" data-e-type=\"widget\" data-widget_type=\"spacer.default\">\n\t\t\t\t<div class=\"elementor-widget-container\">\n\t\t\t\t\t\t\t<div class=\"elementor-spacer\">\n\t\t\t<div class=\"elementor-spacer-inner\"><\/div>\n\t\t<\/div>\n\t\t\t\t\t\t<\/div>\n\t\t\t\t<\/div>\n\t\t\t\t\t<\/div>\n\t\t<\/div>\n\t\t\t\t\t<\/div>\n\t\t<\/section>\n\t\t\t\t<section class=\"elementor-section elementor-top-section elementor-element elementor-element-23eca81 elementor-section-boxed elementor-section-height-default elementor-section-height-default sc_fly_static\" data-id=\"23eca81\" data-element_type=\"section\" data-e-type=\"section\" data-settings=\"{&quot;background_background&quot;:&quot;classic&quot;}\">\n\t\t\t\t\t\t<div class=\"elementor-container elementor-column-gap-extended\">\n\t\t\t\t\t<div class=\"elementor-column elementor-col-100 elementor-top-column elementor-element elementor-element-f6ae95a sc_content_align_inherit sc_layouts_column_icons_position_left sc_fly_static\" data-id=\"f6ae95a\" data-element_type=\"column\" data-e-type=\"column\">\n\t\t\t<div class=\"elementor-widget-wrap elementor-element-populated\">\n\t\t\t\t\t\t<div class=\"elementor-element elementor-element-9c43207 sc_fly_static elementor-widget elementor-widget-text-editor\" data-id=\"9c43207\" data-element_type=\"widget\" data-e-type=\"widget\" data-widget_type=\"text-editor.default\">\n\t\t\t\t<div class=\"elementor-widget-container\">\n\t\t\t\t\t\t\t\t\t<h5>But du traitement de vos donn\u00e9es personnelles<\/h5><p>En nous fournissant vos donn\u00e9es \u00e0 caract\u00e8re personnel, vous nous donnez l&#8217;autorisation expresse de traiter ces informations pour les buts indiqu\u00e9s ci-apr\u00e8s.<\/p><p>Vos donn\u00e9es sont reprises dans les fichiers d&#8217;Explore.Brussels et nous les traitons en vue de la gestion de nos clients, des publications, des services offerts pour am\u00e9liorer la qualit\u00e9 de nos prestations, pour vous informer de nos nouveaux services et produits.<\/p><p>A tout moment et sans la moindre justification, vous pouvez vous opposer au traitement de vos donn\u00e9es personnelles.<\/p>\t\t\t\t\t\t\t\t<\/div>\n\t\t\t\t<\/div>\n\t\t\t\t\t<\/div>\n\t\t<\/div>\n\t\t\t\t\t<\/div>\n\t\t<\/section>\n\t\t\t\t<section class=\"elementor-section elementor-top-section elementor-element elementor-element-93e66b6 elementor-section-boxed elementor-section-height-default elementor-section-height-default sc_fly_static\" data-id=\"93e66b6\" data-element_type=\"section\" data-e-type=\"section\">\n\t\t\t\t\t\t<div class=\"elementor-container elementor-column-gap-extended\">\n\t\t\t\t\t<div class=\"elementor-column elementor-col-100 elementor-top-column elementor-element elementor-element-20e772d sc_content_align_inherit sc_layouts_column_icons_position_left sc_fly_static\" data-id=\"20e772d\" data-element_type=\"column\" data-e-type=\"column\">\n\t\t\t<div class=\"elementor-widget-wrap elementor-element-populated\">\n\t\t\t\t\t\t<div class=\"elementor-element elementor-element-182cb16 sc_fly_static elementor-widget elementor-widget-spacer\" data-id=\"182cb16\" data-element_type=\"widget\" data-e-type=\"widget\" data-widget_type=\"spacer.default\">\n\t\t\t\t<div class=\"elementor-widget-container\">\n\t\t\t\t\t\t\t<div class=\"elementor-spacer\">\n\t\t\t<div class=\"elementor-spacer-inner\"><\/div>\n\t\t<\/div>\n\t\t\t\t\t\t<\/div>\n\t\t\t\t<\/div>\n\t\t\t\t\t<\/div>\n\t\t<\/div>\n\t\t\t\t\t<\/div>\n\t\t<\/section>\n\t\t\t\t<section class=\"elementor-section elementor-top-section elementor-element elementor-element-42da977 elementor-section-boxed elementor-section-height-default elementor-section-height-default sc_fly_static\" data-id=\"42da977\" data-element_type=\"section\" data-e-type=\"section\" data-settings=\"{&quot;background_background&quot;:&quot;classic&quot;}\">\n\t\t\t\t\t\t<div class=\"elementor-container elementor-column-gap-extended\">\n\t\t\t\t\t<div class=\"elementor-column elementor-col-100 elementor-top-column elementor-element elementor-element-2125ebb sc_content_align_inherit sc_layouts_column_icons_position_left sc_fly_static\" data-id=\"2125ebb\" data-element_type=\"column\" data-e-type=\"column\">\n\t\t\t<div class=\"elementor-widget-wrap elementor-element-populated\">\n\t\t\t\t\t\t<div class=\"elementor-element elementor-element-fc4c0e4 sc_fly_static elementor-widget elementor-widget-text-editor\" data-id=\"fc4c0e4\" data-element_type=\"widget\" data-e-type=\"widget\" data-widget_type=\"text-editor.default\">\n\t\t\t\t<div class=\"elementor-widget-container\">\n\t\t\t\t\t\t\t\t\t<h5>Cookies<\/h5><p>Nous utilisons des cookies afin de vous fournir un meilleur service.<\/p><p>Un cookie est un petit fichier sauvegard\u00e9 par un site web sur votre ordinateur : ce cookie peut \u00eatre r\u00e9cup\u00e9r\u00e9 lors d&#8217;une visite ult\u00e9rieure sur ce m\u00eame site.<\/p><p>Le cookie ne peut \u00eatre lu par un autre site Web que celui qui l&#8217;a cr\u00e9\u00e9.<\/p><p>Nous utilisons les cookies \u00e0 des fins administratives pour, par exemple, enregistrer vos pr\u00e9f\u00e9rences pour certains types d&#8217;informations ou votre code d&#8217;acc\u00e8s, ce qui vous \u00e9vite de devoir r\u00e9p\u00e9ter les m\u00eames saisies au clavier lors de chaque visite de notre site.<\/p><p>La plupart des cookies ne fonctionnent que le temps d&#8217;une seule session ou visite.<\/p><p>Aucun d&#8217;entre eux ne contient d&#8217;informations vous rendant susceptible de pouvoir \u00eatre contact\u00e9 par t\u00e9l\u00e9phone, e-mail ou courrier.<\/p><p>Il vous est \u00e9galement possible de configurer votre navigateur pour vous informer lors de chaque cr\u00e9ation de cookies ou pour emp\u00eacher leur cr\u00e9ation (certains services requ\u00e9rant les cookies ne seront alors plus disponibles).<\/p>\t\t\t\t\t\t\t\t<\/div>\n\t\t\t\t<\/div>\n\t\t\t\t\t<\/div>\n\t\t<\/div>\n\t\t\t\t\t<\/div>\n\t\t<\/section>\n\t\t\t\t<section class=\"elementor-section elementor-top-section elementor-element elementor-element-14f4ca6 elementor-section-boxed elementor-section-height-default elementor-section-height-default sc_fly_static\" data-id=\"14f4ca6\" data-element_type=\"section\" data-e-type=\"section\">\n\t\t\t\t\t\t<div class=\"elementor-container elementor-column-gap-extended\">\n\t\t\t\t\t<div class=\"elementor-column elementor-col-100 elementor-top-column elementor-element elementor-element-8d4db52 sc_content_align_inherit sc_layouts_column_icons_position_left sc_fly_static\" data-id=\"8d4db52\" data-element_type=\"column\" data-e-type=\"column\">\n\t\t\t<div class=\"elementor-widget-wrap elementor-element-populated\">\n\t\t\t\t\t\t<div class=\"elementor-element elementor-element-446a2a9 sc_fly_static elementor-widget elementor-widget-spacer\" data-id=\"446a2a9\" data-element_type=\"widget\" data-e-type=\"widget\" data-widget_type=\"spacer.default\">\n\t\t\t\t<div class=\"elementor-widget-container\">\n\t\t\t\t\t\t\t<div class=\"elementor-spacer\">\n\t\t\t<div class=\"elementor-spacer-inner\"><\/div>\n\t\t<\/div>\n\t\t\t\t\t\t<\/div>\n\t\t\t\t<\/div>\n\t\t\t\t\t<\/div>\n\t\t<\/div>\n\t\t\t\t\t<\/div>\n\t\t<\/section>\n\t\t\t\t<section class=\"elementor-section elementor-top-section elementor-element elementor-element-b8aff63 elementor-section-boxed elementor-section-height-default elementor-section-height-default sc_fly_static\" data-id=\"b8aff63\" data-element_type=\"section\" data-e-type=\"section\" data-settings=\"{&quot;background_background&quot;:&quot;classic&quot;}\">\n\t\t\t\t\t\t<div class=\"elementor-container elementor-column-gap-extended\">\n\t\t\t\t\t<div class=\"elementor-column elementor-col-100 elementor-top-column elementor-element elementor-element-1a94dcd sc_content_align_inherit sc_layouts_column_icons_position_left sc_fly_static\" data-id=\"1a94dcd\" data-element_type=\"column\" data-e-type=\"column\">\n\t\t\t<div class=\"elementor-widget-wrap elementor-element-populated\">\n\t\t\t\t\t\t<div class=\"elementor-element elementor-element-19fde56 sc_fly_static elementor-widget elementor-widget-text-editor\" data-id=\"19fde56\" data-element_type=\"widget\" data-e-type=\"widget\" data-widget_type=\"text-editor.default\">\n\t\t\t\t<div class=\"elementor-widget-container\">\n\t\t\t\t\t\t\t\t\t<h5>Publication et divulgation de vos donn\u00e9es personnelles<\/h5><p>Explore.Brussels pourrait \u00eatre amen\u00e9e \u00e0 divulguer vos donn\u00e9es personnelles sur requ\u00eate d&#8217;une autorit\u00e9 l\u00e9gale ou en toute bonne foi en consid\u00e9rant que cette action est requise pour se conformer \u00e0 toute loi ou r\u00e9glementation en vigueur.<\/p><p>Tel serait \u00e9galement le cas en cas de proc\u00e8s intent\u00e9 \u00e0 Explore.Brussels et\/ou au site web pour prot\u00e9ger ou d\u00e9fendre les droits ou les biens d&#8217;Explore.Brussels, du site ou des utilisateurs d&#8217;Explore Brussels.<\/p><p>Explore.Brussels pourrait \u00eatre amen\u00e9e \u00e0 divulguer ces donn\u00e9es pour intervenir, dans des circonstances extr\u00eames, dans le but de prot\u00e9ger la s\u00e9curit\u00e9 personnelle des utilisateurs d&#8217;Explore.Brussels, du site web ou du public.<\/p>\t\t\t\t\t\t\t\t<\/div>\n\t\t\t\t<\/div>\n\t\t\t\t\t<\/div>\n\t\t<\/div>\n\t\t\t\t\t<\/div>\n\t\t<\/section>\n\t\t\t\t<section class=\"elementor-section elementor-top-section elementor-element elementor-element-9b90735 elementor-section-boxed elementor-section-height-default elementor-section-height-default sc_fly_static\" data-id=\"9b90735\" data-element_type=\"section\" data-e-type=\"section\">\n\t\t\t\t\t\t<div class=\"elementor-container elementor-column-gap-extended\">\n\t\t\t\t\t<div class=\"elementor-column elementor-col-100 elementor-top-column elementor-element elementor-element-578f26a sc_content_align_inherit sc_layouts_column_icons_position_left sc_fly_static\" data-id=\"578f26a\" data-element_type=\"column\" data-e-type=\"column\">\n\t\t\t<div class=\"elementor-widget-wrap elementor-element-populated\">\n\t\t\t\t\t\t<div class=\"elementor-element elementor-element-7de2309 sc_fly_static elementor-widget elementor-widget-spacer\" data-id=\"7de2309\" data-element_type=\"widget\" data-e-type=\"widget\" data-widget_type=\"spacer.default\">\n\t\t\t\t<div class=\"elementor-widget-container\">\n\t\t\t\t\t\t\t<div class=\"elementor-spacer\">\n\t\t\t<div class=\"elementor-spacer-inner\"><\/div>\n\t\t<\/div>\n\t\t\t\t\t\t<\/div>\n\t\t\t\t<\/div>\n\t\t\t\t\t<\/div>\n\t\t<\/div>\n\t\t\t\t\t<\/div>\n\t\t<\/section>\n\t\t\t\t<section class=\"elementor-section elementor-top-section elementor-element elementor-element-82e28f0 elementor-section-boxed elementor-section-height-default elementor-section-height-default sc_fly_static\" data-id=\"82e28f0\" data-element_type=\"section\" data-e-type=\"section\" data-settings=\"{&quot;background_background&quot;:&quot;classic&quot;}\">\n\t\t\t\t\t\t<div class=\"elementor-container elementor-column-gap-extended\">\n\t\t\t\t\t<div class=\"elementor-column elementor-col-100 elementor-top-column elementor-element elementor-element-acb7f40 sc_content_align_inherit sc_layouts_column_icons_position_left sc_fly_static\" data-id=\"acb7f40\" data-element_type=\"column\" data-e-type=\"column\">\n\t\t\t<div class=\"elementor-widget-wrap elementor-element-populated\">\n\t\t\t\t\t\t<div class=\"elementor-element elementor-element-7f9a40c sc_fly_static elementor-widget elementor-widget-text-editor\" data-id=\"7f9a40c\" data-element_type=\"widget\" data-e-type=\"widget\" data-widget_type=\"text-editor.default\">\n\t\t\t\t<div class=\"elementor-widget-container\">\n\t\t\t\t\t\t\t\t\t<h5>Vos droits en rapport avec vos donn\u00e9es personnelles<\/h5><p>Votre droit d&#8217;information<\/p><ul><li>Le responsable du traitement de vos donn\u00e9es \u00e0 caract\u00e8re personnel est l&#8217;ASBL Explore Brussels, dont le si\u00e8ge social est sis rue des Li\u00e9geois 53, 1050 Ixelles, Belgique.<\/li><li>Toutes vos questions concernant l&#8217;enregistrement et le traitement de vos donn\u00e9es peuvent \u00eatre adress\u00e9es \u00e0 cette adresse.<\/li><li>Pour toute information plus g\u00e9n\u00e9rale, vous pouvez toujours vous adresser \u00e0 la l&#8217;Autorit\u00e9 de protection des donn\u00e9es, aupr\u00e8s de la Chambre des repr\u00e9sentants : <a href=\"http:\/\/www.autoriteprotectiondonnees.be\" target=\"_blank\" rel=\"noopener\">www.autoriteprotectiondonnees.be<\/a><\/li><\/ul><p>Votre droit d&#8217;acc\u00e8s, d&#8217;opposition et de rectification<\/p><ul><li>Moyennant demande \u00e9crite dat\u00e9e et sign\u00e9e envoy\u00e9e \u00e0 Explore.Brussels accompagn\u00e9e d&#8217;une copie recto-verso de votre carte d&#8217;identit\u00e9, vous pouvez obtenir gratuitement la communication \u00e9crite des donn\u00e9es \u00e0 caract\u00e8re personnel vous concernant ainsi que, le cas \u00e9ch\u00e9ant, la rectification de celles qui seraient inexactes, incompl\u00e8tes ou non pertinentes.<\/li><li>Une copie de vos donn\u00e9es vous sera communiqu\u00e9e au plus tard 15 jours apr\u00e8s la r\u00e9ception de votre demande.<\/li><\/ul>\t\t\t\t\t\t\t\t<\/div>\n\t\t\t\t<\/div>\n\t\t\t\t\t<\/div>\n\t\t<\/div>\n\t\t\t\t\t<\/div>\n\t\t<\/section>\n\t\t\t\t<section class=\"elementor-section elementor-top-section elementor-element elementor-element-852d42c elementor-section-boxed elementor-section-height-default elementor-section-height-default sc_fly_static\" data-id=\"852d42c\" data-element_type=\"section\" data-e-type=\"section\">\n\t\t\t\t\t\t<div class=\"elementor-container elementor-column-gap-extended\">\n\t\t\t\t\t<div class=\"elementor-column elementor-col-100 elementor-top-column elementor-element elementor-element-4b1369e sc_content_align_inherit sc_layouts_column_icons_position_left sc_fly_static\" data-id=\"4b1369e\" data-element_type=\"column\" data-e-type=\"column\">\n\t\t\t<div class=\"elementor-widget-wrap elementor-element-populated\">\n\t\t\t\t\t\t<div class=\"elementor-element elementor-element-0aa71c8 sc_fly_static elementor-widget elementor-widget-spacer\" data-id=\"0aa71c8\" data-element_type=\"widget\" data-e-type=\"widget\" data-widget_type=\"spacer.default\">\n\t\t\t\t<div class=\"elementor-widget-container\">\n\t\t\t\t\t\t\t<div class=\"elementor-spacer\">\n\t\t\t<div class=\"elementor-spacer-inner\"><\/div>\n\t\t<\/div>\n\t\t\t\t\t\t<\/div>\n\t\t\t\t<\/div>\n\t\t\t\t\t<\/div>\n\t\t<\/div>\n\t\t\t\t\t<\/div>\n\t\t<\/section>\n\t\t\t\t<section class=\"elementor-section elementor-top-section elementor-element elementor-element-cd107fc elementor-section-boxed elementor-section-height-default elementor-section-height-default sc_fly_static\" data-id=\"cd107fc\" data-element_type=\"section\" data-e-type=\"section\" data-settings=\"{&quot;background_background&quot;:&quot;classic&quot;}\">\n\t\t\t\t\t\t<div class=\"elementor-container elementor-column-gap-extended\">\n\t\t\t\t\t<div class=\"elementor-column elementor-col-100 elementor-top-column elementor-element elementor-element-9d8bbfa sc_content_align_inherit sc_layouts_column_icons_position_left sc_fly_static\" data-id=\"9d8bbfa\" data-element_type=\"column\" data-e-type=\"column\">\n\t\t\t<div class=\"elementor-widget-wrap elementor-element-populated\">\n\t\t\t\t\t\t<div class=\"elementor-element elementor-element-308146b sc_fly_static elementor-widget elementor-widget-text-editor\" data-id=\"308146b\" data-element_type=\"widget\" data-e-type=\"widget\" data-widget_type=\"text-editor.default\">\n\t\t\t\t<div class=\"elementor-widget-container\">\n\t\t\t\t\t\t\t\t\t<h5>Atteinte \u00e0 votre vie priv\u00e9e<\/h5><p>Si, \u00e0 n&#8217;importe quel moment, vous pensez que notre site ne respecte pas votre vie priv\u00e9e, veuillez nous en informer par courrier \u00e9lectronique \u00e0 l&#8217;adresse suivante : <a href=\"mailto:info@explore.brussels\">info@explore.brussels<\/a>.<\/p><p>Nous mettrons tout en \u0153uvre pour d\u00e9celer et corriger le probl\u00e8me.<\/p>\t\t\t\t\t\t\t\t<\/div>\n\t\t\t\t<\/div>\n\t\t\t\t\t<\/div>\n\t\t<\/div>\n\t\t\t\t\t<\/div>\n\t\t<\/section>\n\t\t\t\t<section class=\"elementor-section elementor-top-section elementor-element elementor-element-d95ce02 elementor-section-boxed elementor-section-height-default elementor-section-height-default sc_fly_static\" data-id=\"d95ce02\" data-element_type=\"section\" data-e-type=\"section\">\n\t\t\t\t\t\t<div class=\"elementor-container elementor-column-gap-extended\">\n\t\t\t\t\t<div class=\"elementor-column elementor-col-100 elementor-top-column elementor-element elementor-element-cef66d7 sc_content_align_inherit sc_layouts_column_icons_position_left sc_fly_static\" data-id=\"cef66d7\" data-element_type=\"column\" data-e-type=\"column\">\n\t\t\t<div class=\"elementor-widget-wrap elementor-element-populated\">\n\t\t\t\t\t\t<div class=\"elementor-element elementor-element-9c277b6 sc_fly_static elementor-widget elementor-widget-spacer\" data-id=\"9c277b6\" data-element_type=\"widget\" data-e-type=\"widget\" data-widget_type=\"spacer.default\">\n\t\t\t\t<div class=\"elementor-widget-container\">\n\t\t\t\t\t\t\t<div class=\"elementor-spacer\">\n\t\t\t<div class=\"elementor-spacer-inner\"><\/div>\n\t\t<\/div>\n\t\t\t\t\t\t<\/div>\n\t\t\t\t<\/div>\n\t\t\t\t\t<\/div>\n\t\t<\/div>\n\t\t\t\t\t<\/div>\n\t\t<\/section>\n\t\t\t\t<\/div>","protected":false},"excerpt":{"rendered":"<p>Les garanties d&#8217;Explore.Brussels Nous traitons vos donn\u00e9es de mani\u00e8re confidentielle et conform\u00e9ment aux dispositions nationales&hellip;<\/p>","protected":false},"author":1,"featured_media":0,"parent":0,"menu_order":0,"comment_status":"closed","ping_status":"closed","template":"","meta":{"rs_blank_template":"","rs_page_bg_color":"","slide_template_v7":"","_analytify_skip_tracking":false,"footnotes":""},"class_list":["post-12954","page","type-page","status-publish","hentry"],"_links":{"self":[{"href":"https:\/\/www.ante.brussels\/en\/wp-json\/wp\/v2\/pages\/12954","targetHints":{"allow":["GET"]}}],"collection":[{"href":"https:\/\/www.ante.brussels\/en\/wp-json\/wp\/v2\/pages"}],"about":[{"href":"https:\/\/www.ante.brussels\/en\/wp-json\/wp\/v2\/types\/page"}],"author":[{"embeddable":true,"href":"https:\/\/www.ante.brussels\/en\/wp-json\/wp\/v2\/users\/1"}],"replies":[{"embeddable":true,"href":"https:\/\/www.ante.brussels\/en\/wp-json\/wp\/v2\/comments?post=12954"}],"version-history":[{"count":10,"href":"https:\/\/www.ante.brussels\/en\/wp-json\/wp\/v2\/pages\/12954\/revisions"}],"predecessor-version":[{"id":65051,"href":"https:\/\/www.ante.brussels\/en\/wp-json\/wp\/v2\/pages\/12954\/revisions\/65051"}],"wp:attachment":[{"href":"https:\/\/www.ante.brussels\/en\/wp-json\/wp\/v2\/media?parent=12954"}],"curies":[{"name":"wp","href":"https:\/\/api.w.org\/{rel}","templated":true}]}}